{"id":47,"date":"2023-12-27T20:07:14","date_gmt":"2023-12-27T19:07:14","guid":{"rendered":"http:\/\/crpixels.fr\/?page_id=47"},"modified":"2026-02-03T15:47:16","modified_gmt":"2026-02-03T14:47:16","slug":"a-propos","status":"publish","type":"page","link":"https:\/\/crpixels.fr\/?page_id=47","title":{"rendered":"A PROPOS"},"content":{"rendered":"\t\t<div data-elementor-type=\"wp-page\" data-elementor-id=\"47\" class=\"elementor elementor-47\">\n\t\t\t\t<div class=\"elementor-element elementor-element-08a8cb0 e-con-full e-flex elementor-invisible e-con e-parent\" data-id=\"08a8cb0\" data-element_type=\"container\" data-e-type=\"container\" data-settings=\"{&quot;animation&quot;:&quot;fadeIn&quot;}\">\n\t\t\t\t<div class=\"elementor-element elementor-element-dc3b8e2 e-transform elementor-invisible elementor-widget elementor-widget-wpzoom-elementor-addons-slider\" data-id=\"dc3b8e2\" data-element_type=\"widget\" data-e-type=\"widget\" data-settings=\"{&quot;_animation&quot;:&quot;fadeIn&quot;,&quot;animation_speed&quot;:300,&quot;autoplay&quot;:&quot;yes&quot;,&quot;autoplay_speed&quot;:3000,&quot;loop&quot;:&quot;yes&quot;,&quot;slides_to_show&quot;:1,&quot;slides_to_show_tablet&quot;:1,&quot;slides_to_show_mobile&quot;:1,&quot;navigation&quot;:&quot;arrow&quot;,&quot;_transform_translateX_effect&quot;:{&quot;unit&quot;:&quot;px&quot;,&quot;size&quot;:&quot;&quot;,&quot;sizes&quot;:[]},&quot;_transform_translateX_effect_tablet&quot;:{&quot;unit&quot;:&quot;px&quot;,&quot;size&quot;:&quot;&quot;,&quot;sizes&quot;:[]},&quot;_transform_translateX_effect_mobile&quot;:{&quot;unit&quot;:&quot;px&quot;,&quot;size&quot;:&quot;&quot;,&quot;sizes&quot;:[]},&quot;_transform_translateY_effect&quot;:{&quot;unit&quot;:&quot;px&quot;,&quot;size&quot;:&quot;&quot;,&quot;sizes&quot;:[]},&quot;_transform_translateY_effect_tablet&quot;:{&quot;unit&quot;:&quot;px&quot;,&quot;size&quot;:&quot;&quot;,&quot;sizes&quot;:[]},&quot;_transform_translateY_effect_mobile&quot;:{&quot;unit&quot;:&quot;px&quot;,&quot;size&quot;:&quot;&quot;,&quot;sizes&quot;:[]}}\" data-widget_type=\"wpzoom-elementor-addons-slider.default\">\n\t\t\t\t<div class=\"elementor-widget-container\">\n\t\t\t\t\t<div class=\"wpzjs-slick wpz-slick wpz-slick--slider\">\n\n\t\t\t\n\t\t\t\t<div class=\"wpz-slick-slide\">\n\n\t\t\t\t\t<a class=\"wpz-slick-item\" href=\"https:\/\/www.instagram.com\/_roselormelle_\/\">\n\n\t\t\t\t\t\t\t\t\t\t\t\t\t<img decoding=\"async\" class=\"wpz-slick-img\" src=\"https:\/\/crpixels.fr\/wp-content\/uploads\/2025\/06\/IMG_1252.1-scaled.jpg\" alt=\"\">\n\t\t\t\t\t\t\n\t\t\t\t\t\t\n\t\t\t\t\t\t\t\t\t\t\t\t\t<div class=\"wpz-slick-content\">\n\t\t\t\t\t\t\t\t\t\t\t\t\t\t\t\t\t\t\t\t\t\t\t\t\t<p class=\"wpz-slick-subtitle\">_roselormelle_<\/p>\n\t\t\t\t\t\t\t\t\t\t\t\t\t\t\t<\/div>\n\t\t\t\t\t\t\n\t\t\t\t\t<\/a>\n\n\t\t\t\t<\/div>\n\n\t\t\t\n\t\t\t\t<div class=\"wpz-slick-slide\">\n\n\t\t\t\t\t<a class=\"wpz-slick-item\" href=\"https:\/\/www.instagram.com\/_roselormelle_\/\">\n\n\t\t\t\t\t\t\t\t\t\t\t\t\t<img decoding=\"async\" class=\"wpz-slick-img\" src=\"https:\/\/crpixels.fr\/wp-content\/uploads\/2024\/11\/IMG_0289-scaled.jpg\" alt=\"\">\n\t\t\t\t\t\t\n\t\t\t\t\t\t\n\t\t\t\t\t\t\t\t\t\t\t\t\t<div class=\"wpz-slick-content\">\n\t\t\t\t\t\t\t\t\t\t\t\t\t\t\t\t\t\t\t\t\t\t\t\t\t<p class=\"wpz-slick-subtitle\">_roselormelle_<\/p>\n\t\t\t\t\t\t\t\t\t\t\t\t\t\t\t<\/div>\n\t\t\t\t\t\t\n\t\t\t\t\t<\/a>\n\n\t\t\t\t<\/div>\n\n\t\t\t\n\t\t\t\t<div class=\"wpz-slick-slide\">\n\n\t\t\t\t\t<a class=\"wpz-slick-item\" href=\"https:\/\/www.instagram.com\/matisbh\/\">\n\n\t\t\t\t\t\t\t\t\t\t\t\t\t<img decoding=\"async\" class=\"wpz-slick-img\" src=\"https:\/\/crpixels.fr\/wp-content\/uploads\/2026\/02\/Copie-de-CLAIR-OBSCURE-X-PHOTOS-X-24.01.2026-41-sur-110-1-scaled.jpg\" alt=\"\">\n\t\t\t\t\t\t\n\t\t\t\t\t\t\n\t\t\t\t\t\t\t\t\t\t\t\t\t<div class=\"wpz-slick-content\">\n\t\t\t\t\t\t\t\t\t\t\t\t\t\t\t\t\t\t\t\t\t\t\t\t\t<p class=\"wpz-slick-subtitle\">matisbh<\/p>\n\t\t\t\t\t\t\t\t\t\t\t\t\t\t\t<\/div>\n\t\t\t\t\t\t\n\t\t\t\t\t<\/a>\n\n\t\t\t\t<\/div>\n\n\t\t\t\n\t\t<\/div>\n\n\t\t\t\t\t<button type=\"button\" class=\"slick-prev\"><svg aria-hidden=\"true\" class=\"e-font-icon-svg e-fas-chevron-left\" viewBox=\"0 0 320 512\" xmlns=\"http:\/\/www.w3.org\/2000\/svg\"><path d=\"M34.52 239.03L228.87 44.69c9.37-9.37 24.57-9.37 33.94 0l22.67 22.67c9.36 9.36 9.37 24.52.04 33.9L131.49 256l154.02 154.75c9.34 9.38 9.32 24.54-.04 33.9l-22.67 22.67c-9.37 9.37-24.57 9.37-33.94 0L34.52 272.97c-9.37-9.37-9.37-24.57 0-33.94z\"><\/path><\/svg><\/button>\n\t\t\n\t\t\t\t\t<button type=\"button\" class=\"slick-next\"><svg aria-hidden=\"true\" class=\"e-font-icon-svg e-fas-chevron-right\" viewBox=\"0 0 320 512\" xmlns=\"http:\/\/www.w3.org\/2000\/svg\"><path d=\"M285.476 272.971L91.132 467.314c-9.373 9.373-24.569 9.373-33.941 0l-22.667-22.667c-9.357-9.357-9.375-24.522-.04-33.901L188.505 256 34.484 101.255c-9.335-9.379-9.317-24.544.04-33.901l22.667-22.667c9.373-9.373 24.569-9.373 33.941 0L285.475 239.03c9.373 9.372 9.373 24.568.001 33.941z\"><\/path><\/svg><\/button>\n\t\t\n\t\t\t\t\t\t<\/div>\n\t\t\t\t<\/div>\n\t\t\t\t<\/div>\n\t\t<div class=\"elementor-element elementor-element-3b1447f e-flex e-con-boxed elementor-invisible e-con e-parent\" data-id=\"3b1447f\" data-element_type=\"container\" data-e-type=\"container\" data-settings=\"{&quot;animation&quot;:&quot;fadeIn&quot;}\">\n\t\t\t\t\t<div class=\"e-con-inner\">\n\t\t\t\t<div class=\"elementor-element elementor-element-74ae367 elementor-widget elementor-widget-text-editor\" data-id=\"74ae367\" data-element_type=\"widget\" data-e-type=\"widget\" data-widget_type=\"text-editor.default\">\n\t\t\t\t<div class=\"elementor-widget-container\">\n\t\t\t\t\t\t\t\t\t<p>Je suis originaire de Chartres, o\u00f9 j&rsquo;ai r\u00e9alis\u00e9 mes premiers projets vid\u00e9o.\u00a0<\/p><p>C&rsquo;est au cours des mes diff\u00e9rents voyages, notamment \u00e0 La R\u00e9union, que mes passions pour la vid\u00e9ographie ainsi que la photographie ont v\u00e9ritablement \u00e9clos.<\/p><p>Capturer des paysages \u00e9poustouflants, la richesse des \u00e9v\u00e9nements culturels et la diversit\u00e9 des activit\u00e9s humaines, c&rsquo;est ma motivation, mon inspiration.<\/p><p>Autodidacte et passionn\u00e9, je me suis progressivement form\u00e9 aux m\u00e9tiers de la photo et de la vid\u00e9o.<\/p><p>Aujourd&rsquo;hui je suis vid\u00e9aste, photographe et monteur vid\u00e9o freelance bas\u00e9 dans la r\u00e9gion Orl\u00e9anaise.<\/p><p>De la conception \u00e0 la distribution, je g\u00e8re l&rsquo;int\u00e9gralit\u00e9\u00a0 de votre projet et le transforme en une exp\u00e9rience audiovisuelle captivante.<\/p>\t\t\t\t\t\t\t\t<\/div>\n\t\t\t\t<\/div>\n\t\t\t\t\t<\/div>\n\t\t\t\t<\/div>\n\t\t\t\t<\/div>\n\t\t","protected":false},"excerpt":{"rendered":"<p>_roselormelle_ _roselormelle_ matisbh Je suis originaire de Chartres, o\u00f9 j&rsquo;ai r\u00e9alis\u00e9 mes premiers projets vid\u00e9o.\u00a0 C&rsquo;est au cours des mes diff\u00e9rents voyages, notamment \u00e0 La R\u00e9union, que mes passions pour la vid\u00e9ographie ainsi que la photographie ont v\u00e9ritablement \u00e9clos. Capturer des paysages \u00e9poustouflants, la richesse des \u00e9v\u00e9nements culturels et la diversit\u00e9 des activit\u00e9s humaines, c&rsquo;est &hellip; <\/p>\n<p class=\"link-more\"><a href=\"https:\/\/crpixels.fr\/?page_id=47\" class=\"more-link\">Lire la suite de<span class=\"screen-reader-text\">\u00ab\u00a0A PROPOS\u00a0\u00bb<\/span><\/a><\/p>\n","protected":false},"author":1,"featured_media":2030,"parent":0,"menu_order":5,"comment_status":"closed","ping_status":"closed","template":"","meta":{"_kadence_starter_templates_imported_post":false,"slim_seo":{"title":"A PROPOS - CR PIXELS","description":"_roselormelle_ _roselormelle_ matisbh Je suis originaire de Chartres, o\u00f9 j'ai r\u00e9alis\u00e9 mes premiers projets vid\u00e9o.\u00a0 C'est au cours des mes diff\u00e9rents voyages, no"},"footnotes":""},"class_list":["post-47","page","type-page","status-publish","has-post-thumbnail","hentry"],"featured_media_urls":{"thumbnail":["https:\/\/crpixels.fr\/wp-content\/uploads\/2025\/06\/P1700809-Modifie-2-150x150.jpg",150,150,true],"medium":["https:\/\/crpixels.fr\/wp-content\/uploads\/2025\/06\/P1700809-Modifie-2-300x225.jpg",300,225,true],"medium_large":["https:\/\/crpixels.fr\/wp-content\/uploads\/2025\/06\/P1700809-Modifie-2-scaled.jpg",768,576,false],"large":["https:\/\/crpixels.fr\/wp-content\/uploads\/2025\/06\/P1700809-Modifie-2-1024x768.jpg",950,713,true],"1536x1536":["https:\/\/crpixels.fr\/wp-content\/uploads\/2025\/06\/P1700809-Modifie-2-scaled-1536x1152.jpg",1536,1152,true],"2048x2048":["https:\/\/crpixels.fr\/wp-content\/uploads\/2025\/06\/P1700809-Modifie-2-scaled-2048x1536.jpg",2048,1536,true],"inspiro-featured-image":["https:\/\/crpixels.fr\/wp-content\/uploads\/2025\/06\/P1700809-Modifie-2-2000x1500.jpg",2000,1500,true],"inspiro-loop":["https:\/\/crpixels.fr\/wp-content\/uploads\/2025\/06\/P1700809-Modifie-2-950x320.jpg",950,320,true],"inspiro-loop@2x":["https:\/\/crpixels.fr\/wp-content\/uploads\/2025\/06\/P1700809-Modifie-2-1900x640.jpg",1900,640,true],"portfolio_item-thumbnail":["https:\/\/crpixels.fr\/wp-content\/uploads\/2025\/06\/P1700809-Modifie-2-scaled-600x400.jpg",600,400,true],"portfolio_item-thumbnail@2x":["https:\/\/crpixels.fr\/wp-content\/uploads\/2025\/06\/P1700809-Modifie-2-scaled-1200x800.jpg",1200,800,true],"portfolio_item-masonry":["https:\/\/crpixels.fr\/wp-content\/uploads\/2025\/06\/P1700809-Modifie-2-scaled-600x450.jpg",600,450,true],"portfolio_item-masonry@2x":["https:\/\/crpixels.fr\/wp-content\/uploads\/2025\/06\/P1700809-Modifie-2-scaled-1200x900.jpg",1200,900,true],"portfolio_item-thumbnail_cinema":["https:\/\/crpixels.fr\/wp-content\/uploads\/2025\/06\/P1700809-Modifie-2-scaled-800x335.jpg",800,335,true],"portfolio_item-thumbnail_portrait":["https:\/\/crpixels.fr\/wp-content\/uploads\/2025\/06\/P1700809-Modifie-2-scaled-600x900.jpg",600,900,true],"portfolio_item-thumbnail_portrait@2x":["https:\/\/crpixels.fr\/wp-content\/uploads\/2025\/06\/P1700809-Modifie-2-scaled-1200x1800.jpg",1200,1800,true],"portfolio_item-thumbnail_square":["https:\/\/crpixels.fr\/wp-content\/uploads\/2025\/06\/P1700809-Modifie-2-scaled-800x800.jpg",800,800,true]},"_links":{"self":[{"href":"https:\/\/crpixels.fr\/index.php?rest_route=\/wp\/v2\/pages\/47","targetHints":{"allow":["GET"]}}],"collection":[{"href":"https:\/\/crpixels.fr\/index.php?rest_route=\/wp\/v2\/pages"}],"about":[{"href":"https:\/\/crpixels.fr\/index.php?rest_route=\/wp\/v2\/types\/page"}],"author":[{"embeddable":true,"href":"https:\/\/crpixels.fr\/index.php?rest_route=\/wp\/v2\/users\/1"}],"replies":[{"embeddable":true,"href":"https:\/\/crpixels.fr\/index.php?rest_route=%2Fwp%2Fv2%2Fcomments&post=47"}],"version-history":[{"count":161,"href":"https:\/\/crpixels.fr\/index.php?rest_route=\/wp\/v2\/pages\/47\/revisions"}],"predecessor-version":[{"id":2628,"href":"https:\/\/crpixels.fr\/index.php?rest_route=\/wp\/v2\/pages\/47\/revisions\/2628"}],"wp:featuredmedia":[{"embeddable":true,"href":"https:\/\/crpixels.fr\/index.php?rest_route=\/wp\/v2\/media\/2030"}],"wp:attachment":[{"href":"https:\/\/crpixels.fr\/index.php?rest_route=%2Fwp%2Fv2%2Fmedia&parent=47"}],"curies":[{"name":"wp","href":"https:\/\/api.w.org\/{rel}","templated":true}]}}